{"id":134,"date":"2012-08-07T15:47:21","date_gmt":"2012-08-07T18:47:21","guid":{"rendered":"http:\/\/www.gtspragas.com.br\/?page_id=134"},"modified":"2024-11-19T08:35:54","modified_gmt":"2024-11-19T11:35:54","slug":"quem-somos","status":"publish","type":"page","link":"https:\/\/www.gtspragas.com.br\/?page_id=134","title":{"rendered":"Quem somos"},"content":{"rendered":"<p>&#8211; A GTS foi criada em 2006 com\u00a0os seguintes objetivos:<\/p>\n<p>&#8211;\u00a0<span style=\"text-decoration: underline;\">MISS\u00c3O e VIS\u00c3O<\/span>: \u00a0realizar servi\u00e7os buscando a satisfa\u00e7\u00e3o dos clientes dentro de crit\u00e9rios \u00e9ticos e t\u00e9cnicos. Buscar a melhoria continua dos servi\u00e7os prestados, atrav\u00e9s de novas tecnologias.<\/p>\n<p>&#8211;<span style=\"text-decoration: underline;\"> POL\u00cdTICA AMBIENTAL<\/span>: Proteger a sa\u00fade do indiv\u00edduo, os recursos naturais e o ambiente local e global.<\/p>\n<p>&#8211;\u00a0<span style=\"text-decoration: underline;\">POL\u00cdTICA DE SEGURAN\u00c7A<\/span>: \u00a0A chefia assume o compromisso e a responsabilidade de tutelar a integridade f\u00edsica e a seguran\u00e7a de seus colaboradores e pessoas envolvidas nos processos.<\/p>\n<p>&#8211; Nasceu com a experi\u00eancia do Eng. Agr. Glauco S. Buccieri que trabalhou de <strong>1989 &#8211; 2004<\/strong> nas divis\u00f5es de Sa\u00fade Ambiental das multinacionais: \u00a0SARSA \/<strong>QU\u00cdMIO<\/strong>; Hoechst Schering <strong>AGREVO<\/strong>; <strong>Aventis<\/strong>\u00a0(AGREVO e RHODIA) e <strong>BAYER<\/strong>, divulgando e orientando o mercado para a utiliza\u00e7\u00e3o de produtos, bem como metodologias no controle de insetos, roedores e outros.<\/p>\n<p>&#8211; A GTS tamb\u00e9m \u00e9 especializada no controle de insetos de gr\u00e3os armazenados, pombos entre outros. \u00a0Utilizamos sempre a metodologia de <strong>CIP \/ MIP \/ MIVP &#8211;\u00a0C<\/strong>ontrole<strong> \/ M<\/strong>anejo<strong> I<\/strong>ntegrado de<strong> V<\/strong>etores<strong> e P<\/strong>ragas<strong>.\u00a0<\/strong><\/p>\n<p>&nbsp;<\/p>\n","protected":false},"excerpt":{"rendered":"<p>&#8211; A GTS foi criada em 2006 com\u00a0os seguintes objetivos: &#8211;\u00a0MISS\u00c3O e VIS\u00c3O: \u00a0realizar servi\u00e7os buscando a satisfa\u00e7\u00e3o dos clientes dentro de crit\u00e9rios \u00e9ticos e t\u00e9cnicos. Buscar a melhoria continua dos servi\u00e7os prestados, atrav\u00e9s de novas tecnologias. &#8211; POL\u00cdTICA AMBIENTAL: &hellip; <a href=\"https:\/\/www.gtspragas.com.br\/?page_id=134\">Continue lendo <span class=\"meta-nav\">&rarr;<\/span><\/a><\/p>\n","protected":false},"author":2,"featured_media":0,"parent":0,"menu_order":1,"comment_status":"closed","ping_status":"closed","template":"","meta":{"footnotes":""},"class_list":["post-134","page","type-page","status-publish","hentry"],"_links":{"self":[{"href":"https:\/\/www.gtspragas.com.br\/index.php?rest_route=\/wp\/v2\/pages\/134","targetHints":{"allow":["GET"]}}],"collection":[{"href":"https:\/\/www.gtspragas.com.br\/index.php?rest_route=\/wp\/v2\/pages"}],"about":[{"href":"https:\/\/www.gtspragas.com.br\/index.php?rest_route=\/wp\/v2\/types\/page"}],"author":[{"embeddable":true,"href":"https:\/\/www.gtspragas.com.br\/index.php?rest_route=\/wp\/v2\/users\/2"}],"replies":[{"embeddable":true,"href":"https:\/\/www.gtspragas.com.br\/index.php?rest_route=%2Fwp%2Fv2%2Fcomments&post=134"}],"version-history":[{"count":13,"href":"https:\/\/www.gtspragas.com.br\/index.php?rest_route=\/wp\/v2\/pages\/134\/revisions"}],"predecessor-version":[{"id":225,"href":"https:\/\/www.gtspragas.com.br\/index.php?rest_route=\/wp\/v2\/pages\/134\/revisions\/225"}],"wp:attachment":[{"href":"https:\/\/www.gtspragas.com.br\/index.php?rest_route=%2Fwp%2Fv2%2Fmedia&parent=134"}],"curies":[{"name":"wp","href":"https:\/\/api.w.org\/{rel}","templated":true}]}}